{"id":16865,"date":"2023-01-05T17:06:24","date_gmt":"2023-01-05T23:06:24","guid":{"rendered":"https:\/\/www.nanchital.gob.mx\/?page_id=16865"},"modified":"2023-01-05T17:09:29","modified_gmt":"2023-01-05T23:09:29","slug":"desazolvan-drenajes-en-la-san-miguel","status":"publish","type":"page","link":"https:\/\/www.nanchital.gob.mx\/wp-nanchital\/desazolvan-drenajes-en-la-san-miguel\/","title":{"rendered":"Desazolvan drenajes en la San Miguel"},"content":{"rendered":"\n<p>Nanchital, Ver. &#8211; Personal del Ayuntamiento de Nanchital inici\u00f3 esta ma\u00f1ana con los trabajos de desazolve de drenajes en la colonia San Miguel Arc\u00e1ngel, como parte de su cronograma de actividades preventivas de encharcamientos e inundaciones.<\/p>\n\n\n\n<figure class=\"wp-block-image size-large\"><img fetchpriority=\"high\" decoding=\"async\" width=\"1024\" height=\"683\" src=\"http:\/\/www.nanchital.gob.mx\/wp-content\/uploads\/1-3-1024x683.jpg\" alt=\"\" class=\"wp-image-16840\" srcset=\"https:\/\/www.nanchital.gob.mx\/wp-nanchital\/wp-content\/uploads\/1-3-scaled.jpg 1024w, https:\/\/www.nanchital.gob.mx\/wp-nanchital\/wp-content\/uploads\/1-3-300x200.jpg 300w, https:\/\/www.nanchital.gob.mx\/wp-nanchital\/wp-content\/uploads\/1-3-768x512.jpg 768w, https:\/\/www.nanchital.gob.mx\/wp-nanchital\/wp-content\/uploads\/1-3-1536x1024.jpg 1536w, https:\/\/www.nanchital.gob.mx\/wp-nanchital\/wp-content\/uploads\/1-3-2048x1365.jpg 2048w, https:\/\/www.nanchital.gob.mx\/wp-nanchital\/wp-content\/uploads\/1-3-1620x1080.jpg 1620w\" sizes=\"(max-width: 1024px) 100vw, 1024px\" \/><\/figure>\n\n\n\n<p>Luego de atender las <strong>calles y callejones del primer cuadro de la ciudad<\/strong>, los empleados se trasladaron este d\u00eda a la colonia arriba mencionada, para limpiar los colectores, <strong>en primer lugar los ubicados en la calle San Hilario <\/strong>y sus alrededores.<\/p>\n\n\n\n<p>Cabe se\u00f1alar, gracias a la suma de esfuerzos del personal del Ayuntamiento se ha avanzado en estas tareas, que tiene como principal finalidad <strong>evitar anegaciones en temporada de lluvias<\/strong>.<\/p>\n\n\n\n<figure class=\"wp-block-image size-large\"><img decoding=\"async\" width=\"1024\" height=\"683\" src=\"https:\/\/www.nanchital.gob.mx\/wp-content\/uploads\/3-3-1024x683.jpg\" alt=\"\" class=\"wp-image-16842\" srcset=\"https:\/\/www.nanchital.gob.mx\/wp-nanchital\/wp-content\/uploads\/3-3-scaled.jpg 1024w, https:\/\/www.nanchital.gob.mx\/wp-nanchital\/wp-content\/uploads\/3-3-300x200.jpg 300w, https:\/\/www.nanchital.gob.mx\/wp-nanchital\/wp-content\/uploads\/3-3-768x512.jpg 768w, https:\/\/www.nanchital.gob.mx\/wp-nanchital\/wp-content\/uploads\/3-3-1536x1024.jpg 1536w, https:\/\/www.nanchital.gob.mx\/wp-nanchital\/wp-content\/uploads\/3-3-2048x1365.jpg 2048w, https:\/\/www.nanchital.gob.mx\/wp-nanchital\/wp-content\/uploads\/3-3-1620x1080.jpg 1620w\" sizes=\"(max-width: 1024px) 100vw, 1024px\" \/><\/figure>\n\n\n\n<p><\/p>\n","protected":false},"excerpt":{"rendered":"<p>Nanchital, Ver. &#8211; Personal del Ayuntamiento de Nanchital inici\u00f3 esta ma\u00f1ana con los trabajos de desazolve de drenajes en la colonia San Miguel Arc\u00e1ngel, como parte de su cronograma de actividades preventivas de encharcamientos e inundaciones. Luego de atender las calles y callejones del primer cuadro de la ciudad, los empleados se trasladaron este d\u00eda&hellip; <br \/> <a class=\"read-more\" href=\"https:\/\/www.nanchital.gob.mx\/wp-nanchital\/desazolvan-drenajes-en-la-san-miguel\/\">Leer m\u00e1s<\/a><\/p>\n","protected":false},"author":7,"featured_media":16841,"parent":0,"menu_order":0,"comment_status":"closed","ping_status":"closed","template":"","meta":{"footnotes":""},"class_list":["post-16865","page","type-page","status-publish","has-post-thumbnail","hentry"],"_links":{"self":[{"href":"https:\/\/www.nanchital.gob.mx\/wp-nanchital\/wp-json\/wp\/v2\/pages\/16865","targetHints":{"allow":["GET"]}}],"collection":[{"href":"https:\/\/www.nanchital.gob.mx\/wp-nanchital\/wp-json\/wp\/v2\/pages"}],"about":[{"href":"https:\/\/www.nanchital.gob.mx\/wp-nanchital\/wp-json\/wp\/v2\/types\/page"}],"author":[{"embeddable":true,"href":"https:\/\/www.nanchital.gob.mx\/wp-nanchital\/wp-json\/wp\/v2\/users\/7"}],"replies":[{"embeddable":true,"href":"https:\/\/www.nanchital.gob.mx\/wp-nanchital\/wp-json\/wp\/v2\/comments?post=16865"}],"version-history":[{"count":1,"href":"https:\/\/www.nanchital.gob.mx\/wp-nanchital\/wp-json\/wp\/v2\/pages\/16865\/revisions"}],"predecessor-version":[{"id":16866,"href":"https:\/\/www.nanchital.gob.mx\/wp-nanchital\/wp-json\/wp\/v2\/pages\/16865\/revisions\/16866"}],"wp:featuredmedia":[{"embeddable":true,"href":"https:\/\/www.nanchital.gob.mx\/wp-nanchital\/wp-json\/wp\/v2\/media\/16841"}],"wp:attachment":[{"href":"https:\/\/www.nanchital.gob.mx\/wp-nanchital\/wp-json\/wp\/v2\/media?parent=16865"}],"curies":[{"name":"wp","href":"https:\/\/api.w.org\/{rel}","templated":true}]}}